{"id":219,"date":"2024-01-01T15:32:55","date_gmt":"2024-01-01T14:32:55","guid":{"rendered":"https:\/\/blog.wearejustspecial.one\/?page_id=219"},"modified":"2024-01-01T20:03:05","modified_gmt":"2024-01-01T19:03:05","slug":"willkommen","status":"publish","type":"page","link":"https:\/\/blog.wearejustspecial.one\/","title":{"rendered":"Willkommen!"},"content":{"rendered":"\n<h3 class=\"wp-block-heading\">Vitiligo \/ Wei\u00dfflecken\u201ckrankheit\u201c<br>wie ein Dalmatiner<\/h3>\n\n\n\n<p>0,5% \u2013 2% der Weltbev\u00f6lkerung leben mit Vitiligo. Ich auch. Du auch?<\/p>\n\n\n\n<p>In diesem Blog m\u00f6chte ich gerne Informationen zusammentragen, \u00fcber das Ph\u00e4nomen schreiben und uns die M\u00f6glichkeit des Austauschs geben. F\u00fcr alle Interessierten.<\/p>\n\n\n\n<div class=\"wp-block-buttons is-layout-flex wp-block-buttons-is-layout-flex\">\n<div class=\"wp-block-button\"><a class=\"wp-block-button__link wp-element-button\" href=\"https:\/\/blog.wearejustspecial.one\/?page_id=282\">zum Blog<\/a><\/div>\n\n\n\n<div class=\"wp-block-button\"><a class=\"wp-block-button__link wp-element-button\" href=\"https:\/\/blog.wearejustspecial.one\/?page_id=128\">Diagnose Vitiligo?<\/a><\/div>\n\n\n\n<div class=\"wp-block-button\"><a class=\"wp-block-button__link wp-element-button\" href=\"https:\/\/blog.wearejustspecial.one\/?page_id=34\">\u00fcber mich<\/a><\/div>\n<\/div>\n\n\n\n<p><\/p>\n\n\n\n<figure class=\"wp-block-image size-large\"><img loading=\"lazy\" decoding=\"async\" width=\"1024\" height=\"682\" src=\"http:\/\/blog.wearejustspecial.one\/wp-content\/uploads\/2023\/12\/pexels-photo-5304052-1024x682.jpeg\" alt=\"crop faceless men shaking hands in studio\" class=\"wp-image-73\" srcset=\"https:\/\/blog.wearejustspecial.one\/wp-content\/uploads\/2023\/12\/pexels-photo-5304052-1024x682.jpeg 1024w, https:\/\/blog.wearejustspecial.one\/wp-content\/uploads\/2023\/12\/pexels-photo-5304052-300x200.jpeg 300w, https:\/\/blog.wearejustspecial.one\/wp-content\/uploads\/2023\/12\/pexels-photo-5304052-768x512.jpeg 768w, https:\/\/blog.wearejustspecial.one\/wp-content\/uploads\/2023\/12\/pexels-photo-5304052-1536x1024.jpeg 1536w, https:\/\/blog.wearejustspecial.one\/wp-content\/uploads\/2023\/12\/pexels-photo-5304052.jpeg 1880w\" sizes=\"auto, (max-width: 1024px) 100vw, 1024px\" \/><figcaption class=\"wp-element-caption\">Photo by Armin  Rimoldi on <a href=\"https:\/\/www.pexels.com\/photo\/crop-faceless-men-shaking-hands-in-studio-5304052\/\" rel=\"nofollow\">Pexels.com<\/a><\/figcaption><\/figure>\n","protected":false},"excerpt":{"rendered":"<p>Vitiligo \/ Wei\u00dfflecken\u201ckrankheit\u201cwie ein Dalmatiner 0,5% \u2013 2% der Weltbev\u00f6lkerung leben mit Vitiligo. Ich auch. Du auch? In diesem Blog m\u00f6chte ich gerne Informationen zusammentragen, \u00fcber das Ph\u00e4nomen schreiben und uns die M\u00f6glichkeit des Austauschs geben. F\u00fcr alle Interessierten.<\/p>\n","protected":false},"author":2,"featured_media":0,"parent":0,"menu_order":0,"comment_status":"closed","ping_status":"closed","template":"","meta":{"site-sidebar-layout":"default","site-content-layout":"","ast-site-content-layout":"","site-content-style":"default","site-sidebar-style":"default","ast-global-header-display":"","ast-banner-title-visibility":"","ast-main-header-display":"","ast-hfb-above-header-display":"","ast-hfb-below-header-display":"","ast-hfb-mobile-header-display":"","site-post-title":"","ast-breadcrumbs-content":"","ast-featured-img":"","footer-sml-layout":"","theme-transparent-header-meta":"","adv-header-id-meta":"","stick-header-meta":"","header-above-stick-meta":"","header-main-stick-meta":"","header-below-stick-meta":"","astra-migrate-meta-layouts":"default","ast-page-background-enabled":"default","ast-page-background-meta":{"desktop":{"background-color":"var(--ast-global-color-4)","background-image":"","background-repeat":"repeat","background-position":"center center","background-size":"auto","background-attachment":"scroll","background-type":"","background-media":"","overlay-type":"","overlay-color":"","overlay-gradient":""},"tablet":{"background-color":"","background-image":"","background-repeat":"repeat","background-position":"center center","background-size":"auto","background-attachment":"scroll","background-type":"","background-media":"","overlay-type":"","overlay-color":"","overlay-gradient":""},"mobile":{"background-color":"","background-image":"","background-repeat":"repeat","background-position":"center center","background-size":"auto","background-attachment":"scroll","background-type":"","background-media":"","overlay-type":"","overlay-color":"","overlay-gradient":""}},"ast-content-background-meta":{"desktop":{"background-color":"var(--ast-global-color-5)","background-image":"","background-repeat":"repeat","background-position":"center center","background-size":"auto","background-attachment":"scroll","background-type":"","background-media":"","overlay-type":"","overlay-color":"","overlay-gradient":""},"tablet":{"background-color":"var(--ast-global-color-5)","background-image":"","background-repeat":"repeat","background-position":"center center","background-size":"auto","background-attachment":"scroll","background-type":"","background-media":"","overlay-type":"","overlay-color":"","overlay-gradient":""},"mobile":{"background-color":"var(--ast-global-color-5)","background-image":"","background-repeat":"repeat","background-position":"center center","background-size":"auto","background-attachment":"scroll","background-type":"","background-media":"","overlay-type":"","overlay-color":"","overlay-gradient":""}},"footnotes":""},"class_list":["post-219","page","type-page","status-publish","hentry"],"jetpack_sharing_enabled":true,"_links":{"self":[{"href":"https:\/\/blog.wearejustspecial.one\/index.php?rest_route=\/wp\/v2\/pages\/219","targetHints":{"allow":["GET"]}}],"collection":[{"href":"https:\/\/blog.wearejustspecial.one\/index.php?rest_route=\/wp\/v2\/pages"}],"about":[{"href":"https:\/\/blog.wearejustspecial.one\/index.php?rest_route=\/wp\/v2\/types\/page"}],"author":[{"embeddable":true,"href":"https:\/\/blog.wearejustspecial.one\/index.php?rest_route=\/wp\/v2\/users\/2"}],"replies":[{"embeddable":true,"href":"https:\/\/blog.wearejustspecial.one\/index.php?rest_route=%2Fwp%2Fv2%2Fcomments&post=219"}],"version-history":[{"count":7,"href":"https:\/\/blog.wearejustspecial.one\/index.php?rest_route=\/wp\/v2\/pages\/219\/revisions"}],"predecessor-version":[{"id":286,"href":"https:\/\/blog.wearejustspecial.one\/index.php?rest_route=\/wp\/v2\/pages\/219\/revisions\/286"}],"wp:attachment":[{"href":"https:\/\/blog.wearejustspecial.one\/index.php?rest_route=%2Fwp%2Fv2%2Fmedia&parent=219"}],"curies":[{"name":"wp","href":"https:\/\/api.w.org\/{rel}","templated":true}]}}