{"id":128,"date":"2023-12-30T18:10:10","date_gmt":"2023-12-30T17:10:10","guid":{"rendered":"https:\/\/blog.wearejustspecial.one\/?page_id=128"},"modified":"2024-01-01T19:20:49","modified_gmt":"2024-01-01T18:20:49","slug":"diagnose-vitiligo","status":"publish","type":"page","link":"https:\/\/blog.wearejustspecial.one\/?page_id=128","title":{"rendered":"Diagnose &#8222;Vitiligo&#8220;?"},"content":{"rendered":"\n<figure class=\"wp-block-image size-large\"><img loading=\"lazy\" decoding=\"async\" width=\"1024\" height=\"682\" src=\"http:\/\/blog.wearejustspecial.one\/wp-content\/uploads\/2023\/12\/7644489-1024x682.jpg\" alt=\"dermatologist, dermatology, skin\" class=\"wp-image-157\" srcset=\"https:\/\/blog.wearejustspecial.one\/wp-content\/uploads\/2023\/12\/7644489-1024x682.jpg 1024w, https:\/\/blog.wearejustspecial.one\/wp-content\/uploads\/2023\/12\/7644489-300x200.jpg 300w, https:\/\/blog.wearejustspecial.one\/wp-content\/uploads\/2023\/12\/7644489-768x512.jpg 768w, https:\/\/blog.wearejustspecial.one\/wp-content\/uploads\/2023\/12\/7644489.jpg 1280w\" sizes=\"auto, (max-width: 1024px) 100vw, 1024px\" \/><figcaption class=\"wp-element-caption\">Photo by Elf-Moondance on unsplash.com<\/figcaption><\/figure>\n\n\n\n<p>Hast du die Diagnose &#8222;Vitiligo&#8220; erhalten?! Wir sind bei dir \ud83e\udd17!<\/p>\n\n\n\n<p>Viele, die hier mitlesen, kennen die Gef\u00fchle des Moments der Diagnose und der sich langsam ansammelnden Gewissheit \u00fcber etwas, das nicht mehr weggehen wird.<\/p>\n\n\n\n<p>Ich bin kein Arzt, sondern nur einer der &#8222;we are just special one(s)&#8220;, also einer auch mit Vitiligo, der Wei\u00dffleckenkrankheit. Daher geht es hier nicht um die dermatologische Betreuung, sondern um deine Gef\u00fchle.<\/p>\n\n\n\n<p>Es klingt auf den ersten Blick naiv oder bl\u00f6d einfach zu sagen, dass du dich nicht verr\u00fcckt machen sollst. Schlie\u00dflich sind oftmals die Ausma\u00dfe doch offensichtlich und ja&#8230; sichtbar. Aber es ist wirklich so &#8211; mach dich nicht verr\u00fcckt. Du bist ein einzigartiger Mensch, besonders und wundersch\u00f6n. Und das wirst du auch bleiben.<\/p>\n\n\n\n<p>Ein paar Dinge \u00e4ndern sich allerdings f\u00fcr dich. So musst du (noch) vorsichtiger in der Sonne sein und dich und besonders die wei\u00dfen Flecken unbedingt mit einem hohen Lichtschutzfaktor vor der Sonne sch\u00fctzen. Und nat\u00fcrlich werden fr\u00fcher oder sp\u00e4ter Fragen kommen, wie &#8222;was ist denn das?&#8220;. Bleib gelassen und versteck dich nicht. Erkl\u00e4re was es damit auf sich hat, dass es nicht ansteckend ist und alles wonach dir sonst so ist. Es ist auch die Wahrheit, dass du nichts daf\u00fcr kannst. Und auch, dass du damit etwas Besonderes bist \ud83d\ude0a. <\/p>\n\n\n\n<p>Dir w\u00fcnsche ich sehr, dass sich dein Arzt oder deine \u00c4rztin Zeit genommen hat, um mit dir \u00fcber die Krankheit zu sprechen. Wenn nicht, dann lies umso mehr hier mit. <\/p>\n\n\n\n<p>Wenn du Lust auf einen Austausch hast, deine schreibe mir auch gerne direkt \u00fcber das Kontaktformular &#8222;<a href=\"https:\/\/blog.wearejustspecial.one\/?page_id=133\" data-type=\"page\" data-id=\"133\">Kontaktseite<\/a>&#8222;.<\/p>\n\n\n\n<p>Wusstest du, dass Michael Jackson ebenfalls Vitiligo hatte? Die FAZ hat einen meiner Meinung nach guten Artikel dazu geschrieben.<\/p>\n\n\n\n<p><a href=\"https:\/\/www.faz.net\/aktuell\/gesellschaft\/michael-jackson\/michael-jackson-kranker-schwarzer-mann-1829713.html\" target=\"_blank\" rel=\"noreferrer noopener\">https:\/\/www.faz.net\/aktuell\/gesellschaft\/michael-jackson\/michael-jackson-kranker-schwarzer-mann-1829713.html<\/a><\/p>\n","protected":false},"excerpt":{"rendered":"<p>Hast du die Diagnose &#8222;Vitiligo&#8220; erhalten?! Wir sind bei dir \ud83e\udd17! Viele, die hier mitlesen, kennen die Gef\u00fchle des Moments der Diagnose und der sich langsam ansammelnden Gewissheit \u00fcber etwas, das nicht mehr weggehen wird. Ich bin kein Arzt, sondern nur einer der &#8222;we are just special one(s)&#8220;, also einer auch mit Vitiligo, der Wei\u00dffleckenkrankheit. &hellip;<\/p>\n<p class=\"read-more\"> <a class=\"\" href=\"https:\/\/blog.wearejustspecial.one\/?page_id=128\"> <span class=\"screen-reader-text\">Diagnose &#8222;Vitiligo&#8220;?<\/span> Weiterlesen &raquo;<\/a><\/p>\n","protected":false},"author":2,"featured_media":0,"parent":0,"menu_order":0,"comment_status":"closed","ping_status":"closed","template":"","meta":{"site-sidebar-layout":"default","site-content-layout":"","ast-site-content-layout":"","site-content-style":"default","site-sidebar-style":"default","ast-global-header-display":"","ast-banner-title-visibility":"","ast-main-header-display":"","ast-hfb-above-header-display":"","ast-hfb-below-header-display":"","ast-hfb-mobile-header-display":"","site-post-title":"","ast-breadcrumbs-content":"","ast-featured-img":"","footer-sml-layout":"","theme-transparent-header-meta":"","adv-header-id-meta":"","stick-header-meta":"","header-above-stick-meta":"","header-main-stick-meta":"","header-below-stick-meta":"","astra-migrate-meta-layouts":"default","ast-page-background-enabled":"default","ast-page-background-meta":{"desktop":{"background-color":"var(--ast-global-color-4)","background-image":"","background-repeat":"repeat","background-position":"center center","background-size":"auto","background-attachment":"scroll","background-type":"","background-media":"","overlay-type":"","overlay-color":"","overlay-gradient":""},"tablet":{"background-color":"","background-image":"","background-repeat":"repeat","background-position":"center center","background-size":"auto","background-attachment":"scroll","background-type":"","background-media":"","overlay-type":"","overlay-color":"","overlay-gradient":""},"mobile":{"background-color":"","background-image":"","background-repeat":"repeat","background-position":"center center","background-size":"auto","background-attachment":"scroll","background-type":"","background-media":"","overlay-type":"","overlay-color":"","overlay-gradient":""}},"ast-content-background-meta":{"desktop":{"background-color":"var(--ast-global-color-5)","background-image":"","background-repeat":"repeat","background-position":"center center","background-size":"auto","background-attachment":"scroll","background-type":"","background-media":"","overlay-type":"","overlay-color":"","overlay-gradient":""},"tablet":{"background-color":"var(--ast-global-color-5)","background-image":"","background-repeat":"repeat","background-position":"center center","background-size":"auto","background-attachment":"scroll","background-type":"","background-media":"","overlay-type":"","overlay-color":"","overlay-gradient":""},"mobile":{"background-color":"var(--ast-global-color-5)","background-image":"","background-repeat":"repeat","background-position":"center center","background-size":"auto","background-attachment":"scroll","background-type":"","background-media":"","overlay-type":"","overlay-color":"","overlay-gradient":""}},"footnotes":""},"class_list":["post-128","page","type-page","status-publish","hentry"],"jetpack_sharing_enabled":true,"_links":{"self":[{"href":"https:\/\/blog.wearejustspecial.one\/index.php?rest_route=\/wp\/v2\/pages\/128","targetHints":{"allow":["GET"]}}],"collection":[{"href":"https:\/\/blog.wearejustspecial.one\/index.php?rest_route=\/wp\/v2\/pages"}],"about":[{"href":"https:\/\/blog.wearejustspecial.one\/index.php?rest_route=\/wp\/v2\/types\/page"}],"author":[{"embeddable":true,"href":"https:\/\/blog.wearejustspecial.one\/index.php?rest_route=\/wp\/v2\/users\/2"}],"replies":[{"embeddable":true,"href":"https:\/\/blog.wearejustspecial.one\/index.php?rest_route=%2Fwp%2Fv2%2Fcomments&post=128"}],"version-history":[{"count":20,"href":"https:\/\/blog.wearejustspecial.one\/index.php?rest_route=\/wp\/v2\/pages\/128\/revisions"}],"predecessor-version":[{"id":249,"href":"https:\/\/blog.wearejustspecial.one\/index.php?rest_route=\/wp\/v2\/pages\/128\/revisions\/249"}],"wp:attachment":[{"href":"https:\/\/blog.wearejustspecial.one\/index.php?rest_route=%2Fwp%2Fv2%2Fmedia&parent=128"}],"curies":[{"name":"wp","href":"https:\/\/api.w.org\/{rel}","templated":true}]}}